{"id":5153,"date":"2020-04-30T19:54:28","date_gmt":"2020-04-30T16:54:28","guid":{"rendered":"https:\/\/energyquestacademy.com\/?post_type=product&#038;p=5153"},"modified":"2020-12-16T02:14:20","modified_gmt":"2020-12-15T23:14:20","slug":"joga-s-sandroj-ru-lv-class-2","status":"publish","type":"product","link":"https:\/\/energyquestacademy.com\/en\/product\/joga-s-sandroj-ru-lv-class-2\/","title":{"rendered":"\u0419\u043e\u0433\u0430 \u0441 \u0421\u0430\u043d\u0434\u0440\u043e\u0439 \/ Ru \u2013 Lv \/ Class 2"},"content":{"rendered":"<h3>\u0417\u0430\u043d\u044f\u0442\u0438\u0435 \u0441\u0440\u0435\u0434\u043d\u0435\u0439 \u0438\u043d\u0442\u0435\u043d\u0441\u0438\u0432\u043d\u043e\u0441\u0442\u0438. \u0414\u043b\u0438\u0442\u0435\u043b\u044c\u043d\u043e\u0441\u0442\u044c 1\u0447\u0430\u0441.<\/h3>\n<h3>\u041a\u043b\u0430\u0441\u0441 \u043d\u0430\u043f\u0440\u0430\u0432\u043b\u0435\u043d \u043d\u0430 \u044d\u043b\u0430\u0441\u0442\u0438\u0447\u043d\u043e\u0441\u0442\u044c, \u0432\u044b\u043d\u043e\u0441\u043b\u0438\u0432\u043e\u0441\u0442\u044c, \u0431\u0430\u043b\u0430\u043d\u0441\u0430, \u0432\u0438\u0442\u0430\u043b\u044c\u043d\u043e\u0441\u0442\u0438 \u0438 \u0440\u0435\u0433\u0435\u043d\u0435\u0440\u0430\u0446\u0438\u0438.<\/h3>\n<h3>\u0412 \u0437\u0430\u043d\u044f\u0442\u0438\u0435 \u0432\u043a\u043b\u044e\u0447\u0435\u043d\u044b \u043e\u043a\u043e\u043b\u043e 40 \u0440\u0430\u0437\u043b\u0438\u0447\u043d\u044b\u0445 \u0430\u0441\u0430\u043d.<\/h3>\n<h3>\u0410 \u0442\u0430\u043a \u0436\u0435, \u0432 \u043a\u043e\u043d\u0446\u0435 \u0432\u044b\u043f\u043e\u043b\u043d\u044f\u044e\u0442\u0441\u044f \u043e\u0431\u043b\u0435\u0433\u0447\u0451\u043d\u043d\u0430\u044f \u0432\u0435\u0440\u0441\u0438\u044f \u0441\u0442\u043e\u0439\u043a\u0438 \u043d\u0430 \u0433\u043e\u043b\u043e\u0432\u0435 \u0438 \u043b\u0451\u0433\u043a\u0430\u044f \u043c\u0435\u0434\u0438\u0442\u0430\u0446\u0438\u044f.<\/h3>\n<h3>&#8212;<\/h3>\n<h3>Vid\u0113jas intensit\u0101tes nodarb\u012bba elast\u012bbai, iztur\u012bbai, l\u012bdzsvaram, vitalit\u0101tei un re\u0123ener\u0101cijai.<\/h3>\n<h3>Aptuveni 40 da\u017e\u0101das \u0101sanas, k\u0101 ar\u012b atvieglota st\u0101jas uz galvas un viegla medit\u0101cija nosl\u0113gum\u0101. \u00a0\/ 1 stunda<\/h3>\n","protected":false},"excerpt":{"rendered":"<p>\u0417\u0430\u043d\u044f\u0442\u0438\u0435 \u0441\u0440\u0435\u0434\u043d\u0435\u0439 \u0438\u043d\u0442\u0435\u043d\u0441\u0438\u0432\u043d\u043e\u0441\u0442\u0438. \u0414\u043b\u0438\u0442\u0435\u043b\u044c\u043d\u043e\u0441\u0442\u044c 1\u0447\u0430\u0441. \u041a\u043b\u0430\u0441\u0441 \u043d\u0430\u043f\u0440\u0430\u0432\u043b\u0435\u043d \u043d\u0430 \u044d\u043b\u0430\u0441\u0442\u0438\u0447\u043d\u043e\u0441\u0442\u044c, \u0432\u044b\u043d\u043e\u0441\u043b\u0438\u0432\u043e\u0441\u0442\u044c, \u0431\u0430\u043b\u0430\u043d\u0441\u0430, \u0432\u0438\u0442\u0430\u043b\u044c\u043d\u043e\u0441\u0442\u0438 \u0438 \u0440\u0435\u0433\u0435\u043d\u0435\u0440\u0430\u0446\u0438\u0438. \u0412 \u0437\u0430\u043d\u044f\u0442\u0438\u0435 \u0432\u043a\u043b\u044e\u0447\u0435\u043d\u044b \u043e\u043a\u043e\u043b\u043e 40 \u0440\u0430\u0437\u043b\u0438\u0447\u043d\u044b\u0445 &hellip;<\/p>\n","protected":false},"featured_media":5128,"template":"","meta":[],"_links":{"self":[{"href":"https:\/\/energyquestacademy.com\/en\/wp-json\/wp\/v2\/product\/5153"}],"collection":[{"href":"https:\/\/energyquestacademy.com\/en\/wp-json\/wp\/v2\/product"}],"about":[{"href":"https:\/\/energyquestacademy.com\/en\/wp-json\/wp\/v2\/types\/product"}],"wp:featuredmedia":[{"embeddable":true,"href":"https:\/\/energyquestacademy.com\/en\/wp-json\/wp\/v2\/media\/5128"}],"wp:attachment":[{"href":"https:\/\/energyquestacademy.com\/en\/wp-json\/wp\/v2\/media?parent=5153"}],"curies":[{"name":"wp","href":"https:\/\/api.w.org\/{rel}","templated":true}]}}